{"id":82,"date":"2023-04-18T14:26:41","date_gmt":"2023-04-18T14:26:41","guid":{"rendered":"https:\/\/www.lafresqueradelgourmet.es\/?page_id=82"},"modified":"2024-07-15T10:28:35","modified_gmt":"2024-07-15T10:28:35","slug":"condiciones-de-uso-de-la-web","status":"publish","type":"page","link":"https:\/\/www.lafresqueradelgourmet.es\/index.php\/condiciones-de-uso-de-la-web\/","title":{"rendered":"Condiciones de uso de la web"},"content":{"rendered":"<p>[et_pb_section fb_built=\u00bb1&#8243; _builder_version=\u00bb4.16&#8243; global_colors_info=\u00bb{}\u00bb][et_pb_row _builder_version=\u00bb4.20.4&#8243; background_size=\u00bbinitial\u00bb background_position=\u00bbtop_left\u00bb background_repeat=\u00bbrepeat\u00bb global_colors_info=\u00bb{}\u00bb][et_pb_column type=\u00bb4_4&#8243; _builder_version=\u00bb4.16&#8243; custom_padding=\u00bb|||\u00bb global_colors_info=\u00bb{}\u00bb custom_padding__hover=\u00bb|||\u00bb][et_pb_text _builder_version=\u00bb4.21.0&#8243; header_font=\u00bbGilda Display||||||||\u00bb header_2_font=\u00bbGilda Display|700|||||||\u00bb header_2_text_color=\u00bb#0D4000&#8243; header_2_line_height=\u00bb1.7em\u00bb header_3_font=\u00bbGilda Display||||||||\u00bb header_4_font=\u00bbGilda Display||||||||\u00bb header_5_font=\u00bbGilda Display||||||||\u00bb header_6_font=\u00bbGilda Display||||||||\u00bb background_size=\u00bbinitial\u00bb background_position=\u00bbtop_left\u00bb background_repeat=\u00bbrepeat\u00bb hover_enabled=\u00bb0&#8243; global_colors_info=\u00bb{}\u00bb sticky_enabled=\u00bb0&#8243;]<\/p>\n<p><!-- divi:heading --><\/p>\n<h2 class=\"wp-block-heading\">Alcance<\/h2>\n<p><!-- \/divi:heading -->Estas Condiciones de Uso de la Web establecen las condiciones generales que regulan tanto el acceso, como la navegaci\u00f3n, as\u00ed como el uso de los contenidos de la presente web.<\/p>\n<p>La informaci\u00f3n contenida en esta p\u00e1gina web hace referencia a los<span>\u00a0<\/span>servicios prestados, y a los productos y servicios comercializados por el <strong><a href=\"https:\/\/guillenmerca.es\/\">Guill\u00e9n Merca,<\/a><\/strong> SL<span>\u00a0<\/span>(en adelante, GUILL\u00c9N MERCA)<strong>.<\/strong><span>\u00a0<\/span>La informaci\u00f3n publicada s\u00f3lo es a efectos enunciativos y en modo alguno constituye una oferta vinculante que obligue al usuario a comprar nuestros productos o contratar nuestros servicios. GUILL\u00c9N MERCA se reserva el derecho de modificar la informaci\u00f3n aqu\u00ed contenida cuando lo estime conveniente y sin previo aviso, no siendo responsable de la exactitud, insuficiencia o autenticidad de la informaci\u00f3n suministrada.<\/p>\n<p>A su vez, se reserva el derecho a modificar el contenido del presente documento de Condiciones de uso de la web. Por tanto, el Usuario debe leer atentamente este documento en cada una de las ocasiones en que se proponga utilizar el sitio Web, ya que \u00e9ste y sus condiciones de uso recogidas en las presentes Condiciones de uso de la Web pueden sufrir modificaciones.<\/p>\n<p>La prestaci\u00f3n del servicio de este sitio Web tiene una duraci\u00f3n limitada al momento en el que el Usuario se encuentre conectado al sitio Web o a alguno de los servicios que a trav\u00e9s de este se facilitan.<\/p>\n<h2 class=\"wp-block-heading\">Condiciones del uso de la web<\/h2>\n<p>Con el simple acceso, la navegaci\u00f3n o la utilizaci\u00f3n de la p\u00e1gina web, se tiene la condici\u00f3n de usuario. El usuario acepta de forma plena y sin ning\u00fan tipo de reserva las condiciones contenidas en las presentes Condiciones.<\/p>\n<p>El usuario se compromete a utilizar el sitio web junto con sus servicios y contenidos, de forma l\u00edcita, de acuerdo con la legislaci\u00f3n vigente, los usos generalmente aceptados, la buena fe y el orden p\u00fablico.<\/p>\n<p>El usuario se compromete a no realizar acciones que puedan causar da\u00f1os a la p\u00e1gina web, inutiliz\u00e1ndola, sobrecarg\u00e1ndola o deterior\u00e1ndola de cualquier manera, o impidiendo a los dem\u00e1s usuarios el libre acceso, utilizaci\u00f3n o disfrute de la p\u00e1gina web.<\/p>\n<h2 class=\"wp-block-heading\">Propiedad intelectual y uso de contenidos<\/h2>\n<p>GUILL\u00c9N MERCA es titular de los derechos de propiedad intelectual e industrial de esta p\u00e1gina web y de todos sus contenidos (a t\u00edtulo meramente enunciativo: cualquier marca o logo de GUILL\u00c9N MERCA, textos, fotograf\u00edas y dem\u00e1s contenidos audiovisuales, software, dise\u00f1o gr\u00e1fico, etc.) o cuenta con la correspondiente licencia o autorizaci\u00f3n para su uso. El acceso a la navegaci\u00f3n y el uso de este sitio web por parte del usuario no implican en ning\u00fan caso renuncia, transmisi\u00f3n, licencia ni cesi\u00f3n total o parcial de aqu\u00e9llos.<\/p>\n<p>Queda prohibido reproducir, modificar, reutilizar, explotar, comunicar p\u00fablicamente, cargar archivos, enviar por correo, transmitir, usar, tratar o distribuir de cualquier forma la totalidad o parte de los contenidos incluidos en esta p\u00e1gina web para prop\u00f3sitos p\u00fablicos o comerciales, si no se cuenta con la autorizaci\u00f3n expresa y por escrito de GUILL\u00c9N MERCA<strong>.<\/strong><\/p>\n<h2 class=\"wp-block-heading\">Enlaces<\/h2>\n<p><a><strong>ENLACES A OTRAS P\u00c1GINAS WEB EXTERNAS<\/strong><\/a><\/p>\n<p>GUILL\u00c9N MERCA rechaza toda responsabilidad sobre toda informaci\u00f3n presente en la World Wide Web no elaborada por GUILL\u00c9N MERCA o no publicada bajo su nombre. La p\u00e1gina web puede contener enlaces de hipertexto hacia otras p\u00e1ginas de la World Wide Web que son completamente\u00a0independientes de esta p\u00e1gina web. GUILL\u00c9N MERCA no responder\u00e1 o garantizar\u00e1, en modo alguno, la exactitud, insuficiencia o autenticidad de la informaci\u00f3n suministrada\u00a0por cualquier persona o entidad, f\u00edsica o jur\u00eddica, con o sin personalidad jur\u00eddica propia, a trav\u00e9s de dichos enlaces de hipertexto.<\/p>\n<p><a><strong>ENLACES EXTERNOS CON DESTINO A LA P\u00c1GINA WEB DE LA FRESQUERA DEL GOURMET<\/strong><\/a><\/p>\n<p>Si cualquier otro sitio web, usuario o entidad, deseara establecer un enlace con destino a <a href=\"https:\/\/www.lafresqueradelgourmet.es\/\">https:\/\/www.lafresqueradelgourmet.es\/<\/a> dicho enlace deber\u00e1 someterse a las condiciones que a continuaci\u00f3n se detallan:<\/p>\n<ol type=\"1\">\n<li>El enlace ir\u00e1 dirigido a la p\u00e1gina principal o a cualquiera de sus secciones. El enlace, en cualquier caso, debe ser absoluto y completo llevando al usuario con un solo clic a la URL de la p\u00e1gina principal o a la URL de cualquiera de sus secciones. El enlace deber\u00e1 abarcar toda la extensi\u00f3n de pantalla del portal de<a href=\"https:\/\/www.lafresqueradelgourmet.es\/\">https:\/\/www.lafresqueradelgourmet.es\/<\/a><\/li>\n<li>En ning\u00fan caso, salvo expresa autorizaci\u00f3n por escrito por parte de GUILL\u00c9N MERCA, el sitio web que establece el enlace podr\u00e1 reproducir de cualquier manera <a href=\"https:\/\/www.lafresqueradelgourmet.es\/\">https:\/\/www.lafresqueradelgourmet.es\/<\/a> , incluy\u00e9ndolo como parte integrante de su web, utilizando marcos, redireccionamientos o cualquier otra medida que suponga ocultar el origen de la informaci\u00f3n.<\/li>\n<li>No se autoriza el establecimiento de enlace a <a href=\"https:\/\/www.lafresqueradelgourmet.es\/\">https:\/\/www.lafresqueradelgourmet.es\/<\/a> , desde sitios web que contengan contenidos il\u00edcitos, ilegales, degradantes u obscenos, contraviniendo la moral o el orden p\u00fablico.<\/li>\n<\/ol>\n<p>El servicio de acceso al sitio Web incluye dispositivos t\u00e9cnicos de enlace, directorios e incluso instrumentos de b\u00fasqueda que permiten al Usuario acceder a otras p\u00e1ginas y portales de Internet (en adelante, \u2018Sitios Enlazados\u2019). En estos casos, GUILL\u00c9N MERCA act\u00faa como prestador de servicios de intermediaci\u00f3n de conformidad con la Ley de Servicios de la Informaci\u00f3n y Comercio electr\u00f3nico y s\u00f3lo ser\u00e1 responsable de los contenidos y servicios suministrados en los Sitios Enlazados en la medida en que tenga conocimiento efectivo de la ilicitud y no haya desactivado el enlace con la diligencia debida. En el supuesto de que el Usuario considere que existe un Sitio Enlazado con contenidos il\u00edcitos o inadecuados podr\u00e1 comunic\u00e1rselo a GUILL\u00c9N MERCA enviando un mensaje a<span>\u00a0<\/span><a><u>privacidad@guillenmerca.es<\/u><\/a><span>\u00a0<\/span>sin que en ning\u00fan caso esta comunicaci\u00f3n conlleve la obligaci\u00f3n de retirar el correspondiente enlace.<\/p>\n<p>En ning\u00fan caso, la existencia de Sitios Enlazados debe presuponer la existencia de acuerdos con los responsables o titulares de estos, ni la recomendaci\u00f3n, promoci\u00f3n o identificaci\u00f3n de GUILL\u00c9N MERCA con las manifestaciones, contenidos o servicios prove\u00eddos.<\/p>\n<p>GUILL\u00c9N MERCA no conoce los contenidos y servicios de los Sitios Enlazados y por tanto no se hace responsable por los da\u00f1os producidos por la ilicitud, calidad, desactualizaci\u00f3n, indisponibilidad, error e inutilidad de los contenidos y\/o servicios de los Sitios Enlazados ni por cualquier otro da\u00f1o que no sea directamente imputable a GUILL\u00c9N MERCA.<\/p>\n<p><a><strong>EXCLUSI\u00d3N DE RESPONSABILIDAD<\/strong><\/a><\/p>\n<p>La responsabilidad en el uso de este Sitio Web corresponde de forma \u00fanica y exclusiva al Usuario.<\/p>\n<p>GUILL\u00c9N MERCA no se hace responsable, en ning\u00fan caso, de los da\u00f1os y perjuicios de cualquier naturaleza que pudieran causarse por:<\/p>\n<ol>\n<li>\u00a0La no disponibilidad, mantenimiento y funcionamiento del Sitio web o de sus servicios o contenidos, ya que requiere de suministros y servicios de terceros.<\/li>\n<li>\u00a0Los errores y omisiones en la informaci\u00f3n publicada, as\u00ed como la falta de utilidad, adecuaci\u00f3n o validez del sitio web o de sus servicios o contenidos para satisfacer necesidades, actividades o resultados concretos o expectativas de los Usuarios.<\/li>\n<\/ol>\n<p>El acceso al Portal no implica la obligaci\u00f3n por parte de GUILL\u00c9N MERCA de controlar la ausencia de virus o cualquier otro elemento inform\u00e1tico da\u00f1ino. Corresponde al Usuario, en todo caso, la disponibilidad de herramientas adecuadas para la detecci\u00f3n y desinfecci\u00f3n de programas inform\u00e1ticos da\u00f1inos. GUILL\u00c9N MERCA no se responsabiliza de los da\u00f1os producidos en los equipos inform\u00e1ticos de los Usuarios o de terceros durante el uso del sitio WEB.<\/p>\n<p><a><strong>LEGISLACI\u00d3N Y JURISDICCI\u00d3N<\/strong><\/a><\/p>\n<p><span>Las Condiciones de uso de la web se rigen en todos y cada uno de sus extremos por la ley espa\u00f1ola y el Reglamento General de Protecci\u00f3n de Datos de la Uni\u00f3n Europea. Cualquier disputa que surja de asuntos relacionados con este sitio Web estar\u00e1 sujeta exclusivamente a la jurisdicci\u00f3n de los tribunales de la ciudad de Barcelona.<\/span><\/p>\n<p><strong><a>ACTUALIZACI\u00d3N<\/a><\/strong><\/p>\n<p><span>El documento se ha revisado por \u00faltima vez en\u00a0<\/span><strong>abril de 2022.<\/strong><\/p>\n<p>&nbsp;<\/p>\n<p><!-- \/divi:paragraph --><\/p>\n<p>[\/et_pb_text][\/et_pb_column][\/et_pb_row][\/et_pb_section]<\/p>\n","protected":false},"excerpt":{"rendered":"<p>Alcance Estas Condiciones de Uso de la Web establecen las condiciones generales que regulan tanto el acceso, como la navegaci\u00f3n, as\u00ed como el uso de los contenidos de la presente web. La informaci\u00f3n contenida en esta p\u00e1gina web hace referencia a los\u00a0servicios prestados, y a los productos y servicios comercializados por el Guill\u00e9n Merca, SL\u00a0(en [&hellip;]<\/p>\n","protected":false},"author":1,"featured_media":0,"parent":0,"menu_order":0,"comment_status":"closed","ping_status":"closed","template":"","meta":{"_et_pb_use_builder":"on","_et_pb_old_content":"","_et_gb_content_width":"","_joinchat":[],"footnotes":""},"class_list":["post-82","page","type-page","status-publish","hentry"],"yoast_head":"<!-- This site is optimized with the Yoast SEO plugin v24.7 - https:\/\/yoast.com\/wordpress\/plugins\/seo\/ -->\n<title>Condiciones de uso de la web - La Fresquera Del Gourmet<\/title>\n<meta name=\"robots\" content=\"index, follow, max-snippet:-1, max-image-preview:large, max-video-preview:-1\" \/>\n<link rel=\"canonical\" href=\"https:\/\/www.lafresqueradelgourmet.es\/index.php\/condiciones-de-uso-de-la-web\/\" \/>\n<meta property=\"og:locale\" content=\"es_ES\" \/>\n<meta property=\"og:type\" content=\"article\" \/>\n<meta property=\"og:title\" content=\"Condiciones de uso de la web - La Fresquera Del Gourmet\" \/>\n<meta property=\"og:description\" content=\"Alcance Estas Condiciones de Uso de la Web establecen las condiciones generales que regulan tanto el acceso, como la navegaci\u00f3n, as\u00ed como el uso de los contenidos de la presente web. La informaci\u00f3n contenida en esta p\u00e1gina web hace referencia a los\u00a0servicios prestados, y a los productos y servicios comercializados por el Guill\u00e9n Merca, SL\u00a0(en [&hellip;]\" \/>\n<meta property=\"og:url\" content=\"https:\/\/www.lafresqueradelgourmet.es\/index.php\/condiciones-de-uso-de-la-web\/\" \/>\n<meta property=\"og:site_name\" content=\"La Fresquera Del Gourmet\" \/>\n<meta property=\"article:modified_time\" content=\"2024-07-15T10:28:35+00:00\" \/>\n<meta name=\"twitter:card\" content=\"summary_large_image\" \/>\n<meta name=\"twitter:label1\" content=\"Tiempo de lectura\" \/>\n\t<meta name=\"twitter:data1\" content=\"7 minutos\" \/>\n<script type=\"application\/ld+json\" class=\"yoast-schema-graph\">{\"@context\":\"https:\/\/schema.org\",\"@graph\":[{\"@type\":\"WebPage\",\"@id\":\"https:\/\/www.lafresqueradelgourmet.es\/index.php\/condiciones-de-uso-de-la-web\/\",\"url\":\"https:\/\/www.lafresqueradelgourmet.es\/index.php\/condiciones-de-uso-de-la-web\/\",\"name\":\"Condiciones de uso de la web - La Fresquera Del Gourmet\",\"isPartOf\":{\"@id\":\"https:\/\/www.lafresqueradelgourmet.es\/#website\"},\"datePublished\":\"2023-04-18T14:26:41+00:00\",\"dateModified\":\"2024-07-15T10:28:35+00:00\",\"breadcrumb\":{\"@id\":\"https:\/\/www.lafresqueradelgourmet.es\/index.php\/condiciones-de-uso-de-la-web\/#breadcrumb\"},\"inLanguage\":\"es\",\"potentialAction\":[{\"@type\":\"ReadAction\",\"target\":[\"https:\/\/www.lafresqueradelgourmet.es\/index.php\/condiciones-de-uso-de-la-web\/\"]}]},{\"@type\":\"BreadcrumbList\",\"@id\":\"https:\/\/www.lafresqueradelgourmet.es\/index.php\/condiciones-de-uso-de-la-web\/#breadcrumb\",\"itemListElement\":[{\"@type\":\"ListItem\",\"position\":1,\"name\":\"Portada\",\"item\":\"https:\/\/www.lafresqueradelgourmet.es\/\"},{\"@type\":\"ListItem\",\"position\":2,\"name\":\"Condiciones de uso de la web\"}]},{\"@type\":\"WebSite\",\"@id\":\"https:\/\/www.lafresqueradelgourmet.es\/#website\",\"url\":\"https:\/\/www.lafresqueradelgourmet.es\/\",\"name\":\"La Fresquera Del Gourmet\",\"description\":\"Servicio de distribuci\u00f3n a hosteleria\",\"publisher\":{\"@id\":\"https:\/\/www.lafresqueradelgourmet.es\/#organization\"},\"potentialAction\":[{\"@type\":\"SearchAction\",\"target\":{\"@type\":\"EntryPoint\",\"urlTemplate\":\"https:\/\/www.lafresqueradelgourmet.es\/?s={search_term_string}\"},\"query-input\":{\"@type\":\"PropertyValueSpecification\",\"valueRequired\":true,\"valueName\":\"search_term_string\"}}],\"inLanguage\":\"es\"},{\"@type\":\"Organization\",\"@id\":\"https:\/\/www.lafresqueradelgourmet.es\/#organization\",\"name\":\"La Fresquera Del Gourmet\",\"url\":\"https:\/\/www.lafresqueradelgourmet.es\/\",\"logo\":{\"@type\":\"ImageObject\",\"inLanguage\":\"es\",\"@id\":\"https:\/\/www.lafresqueradelgourmet.es\/#\/schema\/logo\/image\/\",\"url\":\"https:\/\/www.lafresqueradelgourmet.es\/wp-content\/uploads\/2023\/03\/LaFresqueraDelGourmet-LOGOTIPOS_Logotipo-Verde.png\",\"contentUrl\":\"https:\/\/www.lafresqueradelgourmet.es\/wp-content\/uploads\/2023\/03\/LaFresqueraDelGourmet-LOGOTIPOS_Logotipo-Verde.png\",\"width\":8000,\"height\":1980,\"caption\":\"La Fresquera Del Gourmet\"},\"image\":{\"@id\":\"https:\/\/www.lafresqueradelgourmet.es\/#\/schema\/logo\/image\/\"},\"sameAs\":[\"https:\/\/www.instagram.com\/la_fresquera_del_gourmet\/\"]}]}<\/script>\n<!-- \/ Yoast SEO plugin. -->","yoast_head_json":{"title":"Condiciones de uso de la web - La Fresquera Del Gourmet","robots":{"index":"index","follow":"follow","max-snippet":"max-snippet:-1","max-image-preview":"max-image-preview:large","max-video-preview":"max-video-preview:-1"},"canonical":"https:\/\/www.lafresqueradelgourmet.es\/index.php\/condiciones-de-uso-de-la-web\/","og_locale":"es_ES","og_type":"article","og_title":"Condiciones de uso de la web - La Fresquera Del Gourmet","og_description":"Alcance Estas Condiciones de Uso de la Web establecen las condiciones generales que regulan tanto el acceso, como la navegaci\u00f3n, as\u00ed como el uso de los contenidos de la presente web. La informaci\u00f3n contenida en esta p\u00e1gina web hace referencia a los\u00a0servicios prestados, y a los productos y servicios comercializados por el Guill\u00e9n Merca, SL\u00a0(en [&hellip;]","og_url":"https:\/\/www.lafresqueradelgourmet.es\/index.php\/condiciones-de-uso-de-la-web\/","og_site_name":"La Fresquera Del Gourmet","article_modified_time":"2024-07-15T10:28:35+00:00","twitter_card":"summary_large_image","twitter_misc":{"Tiempo de lectura":"7 minutos"},"schema":{"@context":"https:\/\/schema.org","@graph":[{"@type":"WebPage","@id":"https:\/\/www.lafresqueradelgourmet.es\/index.php\/condiciones-de-uso-de-la-web\/","url":"https:\/\/www.lafresqueradelgourmet.es\/index.php\/condiciones-de-uso-de-la-web\/","name":"Condiciones de uso de la web - La Fresquera Del Gourmet","isPartOf":{"@id":"https:\/\/www.lafresqueradelgourmet.es\/#website"},"datePublished":"2023-04-18T14:26:41+00:00","dateModified":"2024-07-15T10:28:35+00:00","breadcrumb":{"@id":"https:\/\/www.lafresqueradelgourmet.es\/index.php\/condiciones-de-uso-de-la-web\/#breadcrumb"},"inLanguage":"es","potentialAction":[{"@type":"ReadAction","target":["https:\/\/www.lafresqueradelgourmet.es\/index.php\/condiciones-de-uso-de-la-web\/"]}]},{"@type":"BreadcrumbList","@id":"https:\/\/www.lafresqueradelgourmet.es\/index.php\/condiciones-de-uso-de-la-web\/#breadcrumb","itemListElement":[{"@type":"ListItem","position":1,"name":"Portada","item":"https:\/\/www.lafresqueradelgourmet.es\/"},{"@type":"ListItem","position":2,"name":"Condiciones de uso de la web"}]},{"@type":"WebSite","@id":"https:\/\/www.lafresqueradelgourmet.es\/#website","url":"https:\/\/www.lafresqueradelgourmet.es\/","name":"La Fresquera Del Gourmet","description":"Servicio de distribuci\u00f3n a hosteleria","publisher":{"@id":"https:\/\/www.lafresqueradelgourmet.es\/#organization"},"potentialAction":[{"@type":"SearchAction","target":{"@type":"EntryPoint","urlTemplate":"https:\/\/www.lafresqueradelgourmet.es\/?s={search_term_string}"},"query-input":{"@type":"PropertyValueSpecification","valueRequired":true,"valueName":"search_term_string"}}],"inLanguage":"es"},{"@type":"Organization","@id":"https:\/\/www.lafresqueradelgourmet.es\/#organization","name":"La Fresquera Del Gourmet","url":"https:\/\/www.lafresqueradelgourmet.es\/","logo":{"@type":"ImageObject","inLanguage":"es","@id":"https:\/\/www.lafresqueradelgourmet.es\/#\/schema\/logo\/image\/","url":"https:\/\/www.lafresqueradelgourmet.es\/wp-content\/uploads\/2023\/03\/LaFresqueraDelGourmet-LOGOTIPOS_Logotipo-Verde.png","contentUrl":"https:\/\/www.lafresqueradelgourmet.es\/wp-content\/uploads\/2023\/03\/LaFresqueraDelGourmet-LOGOTIPOS_Logotipo-Verde.png","width":8000,"height":1980,"caption":"La Fresquera Del Gourmet"},"image":{"@id":"https:\/\/www.lafresqueradelgourmet.es\/#\/schema\/logo\/image\/"},"sameAs":["https:\/\/www.instagram.com\/la_fresquera_del_gourmet\/"]}]}},"_links":{"self":[{"href":"https:\/\/www.lafresqueradelgourmet.es\/index.php\/wp-json\/wp\/v2\/pages\/82","targetHints":{"allow":["GET"]}}],"collection":[{"href":"https:\/\/www.lafresqueradelgourmet.es\/index.php\/wp-json\/wp\/v2\/pages"}],"about":[{"href":"https:\/\/www.lafresqueradelgourmet.es\/index.php\/wp-json\/wp\/v2\/types\/page"}],"author":[{"embeddable":true,"href":"https:\/\/www.lafresqueradelgourmet.es\/index.php\/wp-json\/wp\/v2\/users\/1"}],"replies":[{"embeddable":true,"href":"https:\/\/www.lafresqueradelgourmet.es\/index.php\/wp-json\/wp\/v2\/comments?post=82"}],"version-history":[{"count":4,"href":"https:\/\/www.lafresqueradelgourmet.es\/index.php\/wp-json\/wp\/v2\/pages\/82\/revisions"}],"predecessor-version":[{"id":187,"href":"https:\/\/www.lafresqueradelgourmet.es\/index.php\/wp-json\/wp\/v2\/pages\/82\/revisions\/187"}],"wp:attachment":[{"href":"https:\/\/www.lafresqueradelgourmet.es\/index.php\/wp-json\/wp\/v2\/media?parent=82"}],"curies":[{"name":"wp","href":"https:\/\/api.w.org\/{rel}","templated":true}]}}